{"id":149,"date":"2023-08-02T21:52:44","date_gmt":"2023-08-02T19:52:44","guid":{"rendered":"http:\/\/temp.morethanangels.eu\/aviso-legal\/"},"modified":"2023-08-02T22:03:13","modified_gmt":"2023-08-02T20:03:13","slug":"aviso-legal","status":"publish","type":"page","link":"https:\/\/morethanangels.eu\/en\/aviso-legal\/","title":{"rendered":"Aviso legal"},"content":{"rendered":"\n<p><em>GITEX INNOVA SOLUTIONS, S.L. le informa de que los datos facilitados por el Usuario ser\u00e1n incorporados a los ficheros propiedad de GITEX INNOVA SOLUTIONS, S.L., que, a los efectos legales oportunos, se identifica como responsable de los mismos. <\/em><\/p>\n\n<p><em>GITEX INNOVA SOLUTIONS, S.L. le informa y, en su caso, usted consiente expresamente, de que la recogida de sus datos de car\u00e1cter personal se produzca con los siguientes fines:<\/em><\/p>\n\n<ul class=\"wp-block-list\">\n<li><em>Gestionar y tramitar cada uno de los servicios solicitados por el Usuario;<\/em><\/li>\n\n\n\n<li>Dise\u00f1ar y ofrecer las ofertas mejores a los miembros.<\/li>\n\n\n\n<li>Gestionar comunicaciones comerciales y publicitarias, tanto de la empresa o como empresas de su grupo empresarial, respecto de productos, servicios, ofertas, promociones, y cualesquiera otras actividades publicitarias; y,<\/li>\n\n\n\n<li><em>Realizar encuestas, estad\u00edsticas y an\u00e1lisis de mercado.<\/em><\/li>\n<\/ul>\n\n<p><em>El Usuario podr\u00e1 ejercer los derechos de acceso, rectificaci\u00f3n, cancelaci\u00f3n y oposici\u00f3n de sus datos de car\u00e1cter personal, en los t\u00e9rminos establecidos en la LOPD, dirigi\u00e9ndose a la siguiente direcci\u00f3n: Oficina de Consulta LOPD, GITEX INNOVA SOLUTIONS, S.L. Calle Adolf Comer\u00f3n, n\u00fam. 18, acceso B, 2\u00aa. <\/em><em>Planta, oficina 06, Matar\u00f3 08302, Barcelona.<\/em><\/p>\n","protected":false},"excerpt":{"rendered":"<p>GITEX INNOVA SOLUTIONS, S.L. le informa de que los datos facilitados por el Usuario ser\u00e1n incorporados a los ficheros propiedad de GITEX INNOVA SOLUTIONS, S.L., que, a los efectos legales oportunos, se identifica como responsable de los mismos. GITEX INNOVA SOLUTIONS, S.L. le informa y,&#8230;<\/p>\n","protected":false},"author":1,"featured_media":0,"parent":0,"menu_order":0,"comment_status":"closed","ping_status":"closed","template":"","meta":{"content-type":"","_joinchat":[],"footnotes":""},"class_list":["post-149","page","type-page","status-publish","hentry"],"_links":{"self":[{"href":"https:\/\/morethanangels.eu\/en\/wp-json\/wp\/v2\/pages\/149","targetHints":{"allow":["GET"]}}],"collection":[{"href":"https:\/\/morethanangels.eu\/en\/wp-json\/wp\/v2\/pages"}],"about":[{"href":"https:\/\/morethanangels.eu\/en\/wp-json\/wp\/v2\/types\/page"}],"author":[{"embeddable":true,"href":"https:\/\/morethanangels.eu\/en\/wp-json\/wp\/v2\/users\/1"}],"replies":[{"embeddable":true,"href":"https:\/\/morethanangels.eu\/en\/wp-json\/wp\/v2\/comments?post=149"}],"version-history":[{"count":1,"href":"https:\/\/morethanangels.eu\/en\/wp-json\/wp\/v2\/pages\/149\/revisions"}],"predecessor-version":[{"id":150,"href":"https:\/\/morethanangels.eu\/en\/wp-json\/wp\/v2\/pages\/149\/revisions\/150"}],"wp:attachment":[{"href":"https:\/\/morethanangels.eu\/en\/wp-json\/wp\/v2\/media?parent=149"}],"curies":[{"name":"wp","href":"https:\/\/api.w.org\/{rel}","templated":true}]}}