{"id":147,"date":"2023-08-02T21:58:26","date_gmt":"2023-08-02T19:58:26","guid":{"rendered":"http:\/\/temp.morethanangels.eu\/politica-de-privacidad\/"},"modified":"2023-08-02T22:02:48","modified_gmt":"2023-08-02T20:02:48","slug":"politica-de-privacidad","status":"publish","type":"page","link":"https:\/\/morethanangels.eu\/en\/politica-de-privacidad\/","title":{"rendered":"Politica de privacidad"},"content":{"rendered":"\n<h6 class=\"wp-block-heading\">\u00bfQUI\u00c9N ES EL RESPONSABLE DEL TRATAMIENTO DE TUS DATOS?<\/h6>\n\n<p>El responsable del tratamiento de tus datos personales es SOURTEX SL, con N.I.F. B-65745267, y domicilio social en Cam\u00ed del Mig, 6, Interior, 08349 Cabrera de Mar, Barcelona..<\/p>\n\n<p>Le informamos que la titularidad del dominio de nuestra web dekien.com (en adelante el \u201cSitio Web\u201d), es de DEKIEN.<\/p>\n\n<p>El acceso y\/o uso al Sitio Web le atribuye la condici\u00f3n de Usuario (en adelante, el \u201cUsuario\u201d), e implica la aceptaci\u00f3n, desde dicho acceso y\/o uso, de la presente Pol\u00edtica de Privacidad.<\/p>\n\n<p>El Usuario podr\u00e1 contactar con MoreThanAngels en la siguiente direcci\u00f3n de correo electr\u00f3nico: info@dekien.com<\/p>\n\n<h6 class=\"wp-block-heading\">\u00bfPOR QU\u00c9 DEKIEN EST\u00c1 LEGITIMADO PARA LLEVAR A CABO EL TRATAMIENTO DE DATOS?<\/h6>\n\n<p>MoreThanAngels est\u00e1 legitimado para tratar tus datos para poder llevar a cabo la prestaci\u00f3n de sus servicios.<\/p>\n\n<p>MoreThanAngels se toma muy en serio la protecci\u00f3n de tu privacidad y de tus datos personales. Por lo tanto, tu informaci\u00f3n personal se conserva de forma segura y se trata con el m\u00e1ximo cuidado.<\/p>\n\n<p>La presente Pol\u00edtica de Privacidad regula el acceso y el uso al servicio (en adelante, el \u201cServicio\u201d) que DEKIEN pone a disposici\u00f3n del Usuario interesado en los servicios y Contenidos alojados en el Sitio Web.<\/p>\n\n<h6 class=\"wp-block-heading\">\u00bfCU\u00c1LES SON LAS FINALIDADES DEL TRATAMIENTO DE TUS DATOS DE CAR\u00c1CTER PERSONAL POR PARTE DE DEKIEN?<\/h6>\n\n<p>Tus datos de car\u00e1cter personal recabados por MoreThanAngels podr\u00e1n ser utilizados para las siguientes finalidades:<\/p>\n\n<p>(i) La prestaci\u00f3n de los servicios ofrecidos en el Sitio Web.<\/p>\n\n<p>(ii) Enviar comunicaciones comerciales perfiladas de MoreThanAngels sobre sus servicios mediante carta, tel\u00e9fono, correo electr\u00f3nico, SMS\/MMS, notificaciones push o por otros medios de comunicaci\u00f3n electr\u00f3nica equivalentes siempre y cuando el Usuario haya consentido el tratamiento de sus datos personales con esta finalidad.<\/p>\n\n<p>Asimismo, el Usuario consiente el tratamiento de sus datos para la elaboraci\u00f3n de perfiles, as\u00ed como para la segmentaci\u00f3n de sus datos. Los citados tratamientos pueden tener como finalidad tanto el an\u00e1lisis y realizaci\u00f3n de estad\u00edsticas para conocer el tr\u00e1fico y utilizaci\u00f3n del Sitio Web por parte de los Usuarios, como la determinaci\u00f3n de sus gustos y preferencias para remitirle informaci\u00f3n promocional acorde con sus intereses.<\/p>\n\n<p>No obstante, el Usuario podr\u00e1 revocar el consentimiento, en cada comunicado comercial o publicitario que se le haga llegar, y en cualquier momento, mediante notificaci\u00f3n en la siguiente direcci\u00f3n de correo electr\u00f3nico hola@morethanangels.eu o mediante carta dirigida a MoreThanAngels .<\/p>\n\n<h6 class=\"wp-block-heading\">VERACIDAD DE LOS DATOS FACILITADOS POR LOS USUARIOS<\/h6>\n\n<p>El Usuario garantiza que los datos personales facilitados son veraces y se hace responsable de comunicar a MoreThanAngels cualquier modificaci\u00f3n de los mismos. El Usuario responder\u00e1, en cualquier caso, de la veracidad de los datos facilitados, reserv\u00e1ndose MoreThanAngels el derecho a excluir de los Servicios registrados a todo Usuario que haya facilitado datos falsos, sin perjuicio de las dem\u00e1s acciones que procedan en Derecho.<\/p>\n\n<h6 class=\"wp-block-heading\">CONSERVACI\u00d3N DE LOS DATOS<\/h6>\n\n<p>Los datos personales proporcionados se conservar\u00e1n por parte de MoreThanAngels mientras el Usuario no manifieste su voluntad de darse de baja de los servicios de MoreThanAngels y ello con la finalidad de recibir informaci\u00f3n sobre productos de la empresa.<\/p>\n\n<h6 class=\"wp-block-heading\">DERECHOS DEL USUARIO EN RELACI\u00d3N CON SUS DATOS<\/h6>\n\n<p>El Usuario tiene derecho a (i) acceder a sus datos personales, as\u00ed como a (ii) solicitar la rectificaci\u00f3n de los datos inexactos o, en su caso, solicitar su (iii) supresi\u00f3n, (iv) solicitar la limitaci\u00f3n del tratamiento de sus datos, (v) oponerse al tratamiento de sus datos y (vi) solicitar su portabilidad. Adem\u00e1s, el Usuario podr\u00e1 ejercer su (vii) derecho al olvido.<\/p>\n\n<p>El Usuario puede ejercer todos estos derechos en la siguiente direcci\u00f3n de email hola@dekien.com, indicando el motivo de su petici\u00f3n y aportando una copia de su D.N.I., con el fin de evitar que terceros tengan acceso a sus datos personales de forma indebida.<\/p>\n\n<p>El Usuario puede tambi\u00e9n enviar su petici\u00f3n por correo ordinario a la siguiente direcci\u00f3n:<\/p>\n\n<p>SOURTEX SL<\/p>\n\n<p>CAM\u00cd DEL MIG, 6 INTERIOR, 08349 CABRERA DE MAR<\/p>\n\n<p>Sin perjuicio de cualquier otro recurso administrativo o acci\u00f3n judicial, el Usuario tendr\u00e1 derecho a presentar una reclamaci\u00f3n ante una Autoridad de Control, en particular en el Estado miembro en el que tenga su residencia habitual, lugar de trabajo o lugar de la supuesta infracci\u00f3n, en caso de que considere que el tratamiento de sus datos personales no es adecuado a la normativa, as\u00ed como en el caso de no ver satisfecho el ejercicio de sus derechos. La autoridad de control ante la que se haya presentado la reclamaci\u00f3n informar\u00e1 al reclamante sobre el curso y el resultado de la reclamaci\u00f3n.<\/p>\n\n<h6 class=\"wp-block-heading\">SEGURIDAD DE LOS DATOS<\/h6>\n\n<p>La protecci\u00f3n de la privacidad y los datos personales de los Usuarios es muy importante para MoreThanAngels. Por lo tanto, MoreThanAngels hace todo lo que est\u00e1 en su mano para impedir que tus datos se utilicen de forma inadecuada, permitiendo el acceso a los mismo \u00fanicamente a personal autorizado.<\/p>\n\n<p>MoreThanAngels mantiene los niveles de seguridad de protecci\u00f3n de datos personales conforme a la normativa aplicable y ha establecido todos los medios t\u00e9cnicos a su alcance para evitar la p\u00e9rdida, mal uso, alteraci\u00f3n, acceso no autorizado y robo de los datos que el Usuario facilite a trav\u00e9s del Sitio Web, sin perjuicio de informarle de que las medidas de seguridad en Internet no son inexpugnables.<\/p>\n\n<p>MoreThanAngels se compromete a cumplir con el deber de secreto y confidencialidad respecto de los datos personales de acuerdo con la legislaci\u00f3n aplicable, as\u00ed como a conferirles un tratamiento seguro en las cesiones y transferencias internacionales de datos que, en su caso, puedan producirse.<\/p>\n\n<p>En aquellos servicios de la web que precisen registrarse como Usuario, se deber\u00e1 elegir una contrase\u00f1a. El Usuario es el responsable de mantener la confidencialidad de esta contrase\u00f1a, as\u00ed como de todas las actividades que ocurran en la sesi\u00f3n iniciada con su nombre y contrase\u00f1a. El Usuario se compromete a notificar a MoreThanAngels a la mayor brevedad el uso no autorizado de su nombre de Usuario y\/o contrase\u00f1a o cualquier otro fallo en la seguridad. DEKIEN no ser\u00e1 responsable por los da\u00f1os o p\u00e9rdidas que se pudieran originar debido al no cumplimiento de esta obligaci\u00f3n por parte del Usuario.<\/p>\n\n<h6 class=\"wp-block-heading\">CAMBIOS<\/h6>\n\n<p>MoreThanAngels se reserva el derecho de revisar su Pol\u00edtica de Privacidad en el momento que considere oportuno. Por esta raz\u00f3n, le rogamos que compruebe de forma regular esta Pol\u00edtica de Privacidad para leer la versi\u00f3n m\u00e1s reciente de la misma. No obstante, cualquier cambio que se produzca en la presente Pol\u00edtica de Privacidad se comunicar\u00e1 al Usuario.<\/p>\n\n<h6 class=\"wp-block-heading\">LINKS A P\u00c1GINAS WEB<\/h6>\n\n<p>El Sitio Web de MoreThanAngels podr\u00eda contener links a p\u00e1ginas web de compa\u00f1\u00edas y entidades de terceros.<\/p>\n\n<p>DEKIEN no puede hacerse responsable de la forma en la que estas compa\u00f1\u00edas tratan la protecci\u00f3n de la privacidad y de los datos personales, por lo que le aconsejamos que lea detenidamente las declaraciones de Pol\u00edtica de Privacidad de estas p\u00e1ginas web que no son propiedad de MoreThanAngels con relaci\u00f3n al uso, procesamiento y protecci\u00f3n de datos personales. Las condiciones que ofrecen estas p\u00e1ginas web pueden no ser las mismas que las que ofrece MoreThanAngels.<\/p>\n\n<h6 class=\"wp-block-heading\">PREGUNTAS<\/h6>\n\n<p>Si tienes alguna pregunta sobre esta Pol\u00edtica de Privacidad o el tratamiento de tus datos rogamos que te pongas en contacto con MoreThanAngels mediante correo electr\u00f3nico dirigido a la siguiente direcci\u00f3n de correo electr\u00f3nico: info@dekien.com<\/p>\n\n<h6 class=\"wp-block-heading\">ACEPTACI\u00d3N Y CONSENTIMIENTO<\/h6>\n\n<p>El Usuario declara haber sido informado de las condiciones sobre protecci\u00f3n de datos personales, aceptando y consintiendo el tratamiento de los mismos por parte de DEKIEN, en la forma y para las finalidades indicadas en la presente Pol\u00edtica de Privacidad<\/p>\n","protected":false},"excerpt":{"rendered":"<p>\u00bfQUI\u00c9N ES EL RESPONSABLE DEL TRATAMIENTO DE TUS DATOS? El responsable del tratamiento de tus datos personales es SOURTEX SL, con N.I.F. B-65745267, y domicilio social en Cam\u00ed del Mig, 6, Interior, 08349 Cabrera de Mar, Barcelona.. Le informamos que la titularidad del dominio de&#8230;<\/p>\n","protected":false},"author":1,"featured_media":0,"parent":0,"menu_order":0,"comment_status":"closed","ping_status":"closed","template":"","meta":{"content-type":"","_joinchat":[],"footnotes":""},"class_list":["post-147","page","type-page","status-publish","hentry"],"_links":{"self":[{"href":"https:\/\/morethanangels.eu\/en\/wp-json\/wp\/v2\/pages\/147","targetHints":{"allow":["GET"]}}],"collection":[{"href":"https:\/\/morethanangels.eu\/en\/wp-json\/wp\/v2\/pages"}],"about":[{"href":"https:\/\/morethanangels.eu\/en\/wp-json\/wp\/v2\/types\/page"}],"author":[{"embeddable":true,"href":"https:\/\/morethanangels.eu\/en\/wp-json\/wp\/v2\/users\/1"}],"replies":[{"embeddable":true,"href":"https:\/\/morethanangels.eu\/en\/wp-json\/wp\/v2\/comments?post=147"}],"version-history":[{"count":1,"href":"https:\/\/morethanangels.eu\/en\/wp-json\/wp\/v2\/pages\/147\/revisions"}],"predecessor-version":[{"id":148,"href":"https:\/\/morethanangels.eu\/en\/wp-json\/wp\/v2\/pages\/147\/revisions\/148"}],"wp:attachment":[{"href":"https:\/\/morethanangels.eu\/en\/wp-json\/wp\/v2\/media?parent=147"}],"curies":[{"name":"wp","href":"https:\/\/api.w.org\/{rel}","templated":true}]}}