{"id":145,"date":"2023-08-02T21:55:56","date_gmt":"2023-08-02T19:55:56","guid":{"rendered":"http:\/\/temp.morethanangels.eu\/politica-de-cookies\/"},"modified":"2023-08-02T22:02:00","modified_gmt":"2023-08-02T20:02:00","slug":"politica-de-cookies","status":"publish","type":"page","link":"https:\/\/morethanangels.eu\/en\/politica-de-cookies\/","title":{"rendered":"Pol\u00edtica de cookies"},"content":{"rendered":"\n<h6 class=\"wp-block-heading\">\u00bfQU\u00c9 SON LAS COOKIES Y C\u00d3MO LAS USAMOS?<\/h6>\n\n<p>MoreThanAngels, por su propia cuenta o la de un tercero contratado para la prestaci\u00f3n de servicios de medici\u00f3n, puede utilizar cookies cuando un usuario navega por la Web. Las cookies son ficheros enviados al navegador por medio de un servidor web con la finalidad de registrar las actividades del usuario durante su tiempo de navegaci\u00f3n.<\/p>\n\n<p>Mediante el uso de las cookies resulta posible que el servidor donde se encuentra la Web, reconozca el navegador web utilizado por el usuario con la finalidad de que la navegaci\u00f3n sea m\u00e1s sencilla, permitiendo, por ejemplo, el acceso a los usuarios que se hayan registrado previamente, acceder a las \u00e1reas, servicios, promociones o concursos reservados exclusivamente a ellos sin tener que registrarse en cada visita. Se utilizan tambi\u00e9n para medir la audiencia y par\u00e1metros del tr\u00e1fico, controlar el progreso y n\u00famero de entradas.<\/p>\n\n<h6 class=\"wp-block-heading\">GARANT\u00cdAS SOBRE EL USO DE LAS COOKIES<\/h6>\n\n<p>Las cookies utilizadas por el sitio Web se asocian \u00fanicamente con usuarios an\u00f3nimos y su ordenador y no proporcionan por s\u00ed mismas datos personales sobre los usuarios.<\/p>\n\n<p>Algunas cookies son utilizadas por terceros (ej. Google) para facilitar a MoreThanAngels datos sobre la efectividad de sus promociones. En ning\u00fan caso las cookies recaban informaci\u00f3n personal con la que se pueda identificar a un usuario en espec\u00edfico.<\/p>\n\n<p>Las cookies utilizadas en la Web tienen, en todo caso, car\u00e1cter temporal, con la \u00fanica finalidad de hacer m\u00e1s eficaz su transmisi\u00f3n ulterior. Ninguna de las cookies utilizadas en la Web tendr\u00e1 un periodo de vigencia superior a dos a\u00f1os.<\/p>\n\n<p>Los usuarios tienen la posibilidad de configurar su navegador para ser avisados de la recepci\u00f3n de cookies y para impedir la instalaci\u00f3n en su equipo.<\/p>\n\n<p>El usuario, al eliminar las cookies de MoreThanAngels o deshabilitarlas, se expone a no poder acceder a determinadas funcionalidades de la Web.<\/p>\n\n<p>Para utilizar la Web, no resulta necesario que los usuarios permitan la instalaci\u00f3n de las cookies, sin perjuicio de que sea necesario que los mismos inicien sesi\u00f3n como tal en cada uno de los servicios cuya prestaci\u00f3n requiera el previo registro o inicio de sesi\u00f3n.<\/p>\n","protected":false},"excerpt":{"rendered":"<p>\u00bfQU\u00c9 SON LAS COOKIES Y C\u00d3MO LAS USAMOS? MoreThanAngels, por su propia cuenta o la de un tercero contratado para la prestaci\u00f3n de servicios de medici\u00f3n, puede utilizar cookies cuando un usuario navega por la Web. Las cookies son ficheros enviados al navegador por medio&#8230;<\/p>\n","protected":false},"author":1,"featured_media":0,"parent":0,"menu_order":0,"comment_status":"closed","ping_status":"closed","template":"","meta":{"content-type":"","_joinchat":[],"footnotes":""},"class_list":["post-145","page","type-page","status-publish","hentry"],"_links":{"self":[{"href":"https:\/\/morethanangels.eu\/en\/wp-json\/wp\/v2\/pages\/145","targetHints":{"allow":["GET"]}}],"collection":[{"href":"https:\/\/morethanangels.eu\/en\/wp-json\/wp\/v2\/pages"}],"about":[{"href":"https:\/\/morethanangels.eu\/en\/wp-json\/wp\/v2\/types\/page"}],"author":[{"embeddable":true,"href":"https:\/\/morethanangels.eu\/en\/wp-json\/wp\/v2\/users\/1"}],"replies":[{"embeddable":true,"href":"https:\/\/morethanangels.eu\/en\/wp-json\/wp\/v2\/comments?post=145"}],"version-history":[{"count":1,"href":"https:\/\/morethanangels.eu\/en\/wp-json\/wp\/v2\/pages\/145\/revisions"}],"predecessor-version":[{"id":146,"href":"https:\/\/morethanangels.eu\/en\/wp-json\/wp\/v2\/pages\/145\/revisions\/146"}],"wp:attachment":[{"href":"https:\/\/morethanangels.eu\/en\/wp-json\/wp\/v2\/media?parent=145"}],"curies":[{"name":"wp","href":"https:\/\/api.w.org\/{rel}","templated":true}]}}